{"id":2,"date":"2016-10-25T20:05:05","date_gmt":"2016-10-25T20:05:05","guid":{"rendered":"http:\/\/wp.netea.de\/?page_id=2"},"modified":"2018-06-11T16:53:10","modified_gmt":"2018-06-11T15:53:10","slug":"sample-page","status":"publish","type":"page","link":"https:\/\/wp.netea.de\/de\/","title":{"rendered":"HomePage"},"content":{"rendered":"<p><a name=\"whatwedo\"><\/a><\/p>\n<h1>Systemhaus f\u00fcr Informations- und Telekommunikationstechnologie<\/h1>\n<p><strong><span class=\"neteachar\"><span style=\"color: #ff0000;\">netea<\/span> <\/span><\/strong>verbindet Experten der Bereiche Dokumenten Management Systeme (DMS), Enterprise Information Management und IT Infrastruktur. Wir haben langj\u00e4hrige Erfahrungen im Aufbau hochverf\u00fcgbarer DMS-Systeme und deren Integration in die vorhandene IT-Infrastruktur bei Mittelst\u00e4ndischen und Gro\u00df-Unternehmen sowie gro\u00dfen \u00f6ffentlichen Einrichtungen.<\/p>\n<p>Neben der Planung unterst\u00fctzen wir Sie bei der Implementierung, dem Betrieb und der Evolution Ihres Enterprise Information Systrems. Dazu geh\u00f6rt auch die Integration in weitere unternehmenskritische IT-Systeme wie ERP, CRM und Kommunikationssysteme um die maximale Effizienz Ihres Enterprise Information Systems zu erreichen.<\/p>\n<p><strong><span class=\"neteachar\"><span style=\"color: #ff0000;\">netea<\/span> <\/span><\/strong>bietet Ihnen verschiedene Erweiterungsmodule f\u00fcr den Open Text Content Server um Ihre Content Server Installation an Ihre speziellen Business-Bed\u00fcrfnisse anzupassen.<\/p>\n<div class=\"services\">\n<table>\n<tbody>\n<tr>\n<td width=\"33%\"><aside id=\"service-boxes-widget-text-icon-3\" class=\"widget service-boxes-widget-text-icon amr_widget\"><h3 class=\"widget-title\"><span><i class=\"fa fa-book\" style=\"display: block;text-align: center;line-height:1em;margin-right:10px;font-size: 48px;\" ><\/i>ECM Systeme<\/span><\/h3>\r\n\t\t<div class=\"textwidget-icon\">Wir entwerfen und implementieren ein Enterprise Content Management System f\u00fcr Ihr Unternehmen in Ihrem Rechenzentrum oder in der Cloud.<\/div>\r\n        \r\n                    <div class=\"read-more-page-link\"><a class=\"btn btn-primary\" href=\"ecm-systems\">Weiter ...<\/a><\/div>   \r\n            \t\r\n        <\/aside><\/td>\n<td width=\"33%\"><aside id=\"service-boxes-widget-text-icon-9\" class=\"widget service-boxes-widget-text-icon amr_widget\"><h3 class=\"widget-title\"><span><i class=\"fa fa-cloud\" style=\"display: block;text-align: center;line-height:1em;margin-right:10px;font-size: 48px;\" ><\/i>IT Architektur<\/span><\/h3>\r\n\t\t<div class=\"textwidget-icon\">Wir unterst\u00fctzen Sie bei der kosteneffektiven Aktualisierung Ihrer IT-Architektur f\u00fcr business-kritische Unternehmensanwendungen und f\u00fcr Ihr Enterprise Content Management System. Dabei stellen wir Kosteneffektivit\u00e4t und Systemverf\u00fcgbarkeit gem\u00e4\u00df Ihren Anforderungen sicher.<\/div>\r\n        \r\n                    <div class=\"read-more-page-link\"><a class=\"btn btn-primary\" href=\"it-architecture-for-ecm-systems\">Weiter ...<\/a><\/div>   \r\n            \t\r\n        <\/aside><\/td>\n<td width=\"33%\"><aside id=\"service-boxes-widget-text-icon-8\" class=\"widget service-boxes-widget-text-icon amr_widget\"><h3 class=\"widget-title\"><span><i class=\"fa fa-lightbulb-o\" style=\"display: block;text-align: center;line-height:1em;margin-right:10px;font-size: 48px;\" ><\/i>L\u00f6sungen<\/span><\/h3>\r\n\t\t<div class=\"textwidget-icon\">Wir passen Ihr Enterprise Content Management System auf Ihre Unternehmensanforderungen an und haben intelligente Erweiterungen f\u00fcr viele Standardanforderungen im Portfolio.<\/div>\r\n        \r\n                    <div class=\"read-more-page-link\"><a class=\"btn btn-primary\" href=\"solutions\">Weiter ...<\/a><\/div>   \r\n            \t\r\n        <\/aside><\/td>\n<\/tr>\n<\/tbody>\n<\/table>\n<\/div>\n<p><a name=\"whoweare\"><\/a><\/p>\n<h1>netea GmbH<\/h1>\n<p><strong><span class=\"neteachar\"><span style=\"color: #ff0000;\">netea<\/span> <\/span><\/strong> GmbH wurde im April 2004 von Michael Fromme und Andreas Berge als Systemhaus f\u00fcr Informations- und Telekommunikationstechnologie mit Firmensitz in Hannover gegr\u00fcndet. Der Schwerpunkt ist die Beratungst\u00e4tigkeit im IT-Infrastruktur-Bereich, besonders bei der Einf\u00fchrung und dem Betrieb gro\u00dfer Dokumenten-Management- und Enterprise-Content-Management-Systeme.<\/p>\n<p>Unsere Berater verf\u00fcgen \u00fcber langj\u00e4hrige Erfahrungen mit dem DMS\/ECM Systemen von Open Text und der Collaborations-L\u00f6sung SharePoint Server von Microsoft.<\/p>\n","protected":false},"excerpt":{"rendered":"<p>Systemhaus f\u00fcr Informations- und Telekommunikationstechnologie netea verbindet Experten der Bereiche Dokumenten Management Systeme (DMS), Enterprise Information Management und IT Infrastruktur. Wir haben langj\u00e4hrige Erfahrungen im Aufbau hochverf\u00fcgbarer DMS-Systeme und deren Integration in die vorhandene IT-Infrastruktur bei Mittelst\u00e4ndischen und Gro\u00df-Unternehmen sowie<\/p>\n","protected":false},"author":1,"featured_media":0,"parent":0,"menu_order":0,"comment_status":"closed","ping_status":"open","template":"","meta":{"inline_featured_image":false,"footnotes":""},"class_list":["post-2","page","type-page","status-publish","hentry"],"translation":{"provider":"WPGlobus","version":"3.0.0","language":"de","enabled_languages":["en","de"],"languages":{"en":{"title":true,"content":true,"excerpt":false},"de":{"title":false,"content":true,"excerpt":false}}},"_links":{"self":[{"href":"https:\/\/wp.netea.de\/de\/wp-json\/wp\/v2\/pages\/2","targetHints":{"allow":["GET"]}}],"collection":[{"href":"https:\/\/wp.netea.de\/de\/wp-json\/wp\/v2\/pages"}],"about":[{"href":"https:\/\/wp.netea.de\/de\/wp-json\/wp\/v2\/types\/page"}],"author":[{"embeddable":true,"href":"https:\/\/wp.netea.de\/de\/wp-json\/wp\/v2\/users\/1"}],"replies":[{"embeddable":true,"href":"https:\/\/wp.netea.de\/de\/wp-json\/wp\/v2\/comments?post=2"}],"version-history":[{"count":15,"href":"https:\/\/wp.netea.de\/de\/wp-json\/wp\/v2\/pages\/2\/revisions"}],"predecessor-version":[{"id":229,"href":"https:\/\/wp.netea.de\/de\/wp-json\/wp\/v2\/pages\/2\/revisions\/229"}],"wp:attachment":[{"href":"https:\/\/wp.netea.de\/de\/wp-json\/wp\/v2\/media?parent=2"}],"curies":[{"name":"wp","href":"https:\/\/api.w.org\/{rel}","templated":true}]}}