{"id":208,"date":"2018-06-07T10:19:04","date_gmt":"2018-06-07T09:19:04","guid":{"rendered":"http:\/\/wp.netea.de\/?page_id=208"},"modified":"2018-06-10T16:40:53","modified_gmt":"2018-06-10T15:40:53","slug":"data-privacy-statement","status":"publish","type":"page","link":"https:\/\/wp.netea.de\/de\/data-privacy-statement","title":{"rendered":"Datenschutzerkl\u00e4rung"},"content":{"rendered":"<h1>Unsere Datenschutzerkl\u00e4rung<\/h1>\n<h2>1 Allgemeines<\/h2>\n<p>Wir freuen uns \u00fcber Ihren Besuch auf unserer Webseite und Ihr Interesse am netea. Der Schutz und die Sicherheit der Daten unserer Kunden und Nutzer sind uns wichtig. Wir haben deshalb unsere Webseite und unsere Gesch\u00e4ftsprozesse so gestaltet, dass m\u00f6glichst wenig personenbezogene Daten erhoben oder verarbeitet werden. Die folgende Erkl\u00e4rung zum Datenschutz erl\u00e4utert, welche Informationen wir w\u00e4hrend Ihres Besuchs auf unserer Webseite erfassen und welche Teile dieser Informationen ggf. auf welche Weise genutzt werden.<\/p>\n<h2>2 Server-Protokolldateien<\/h2>\n<p>Durch den Besuch unserer Webseite speichert unser Webserver, wie jeder andere Webserver, standardisiert Angaben \u00fcber Ihr Endger\u00e4t und den verwendeten Browser in einer Protokolldatei. Diese Daten verarbeiten wir, um Fehler unseres Servers und Missbrauchsversuche analysieren zu k\u00f6nnen. Im Einzelnen werden hier die IP-Adresse, die spezifische Adresse der bei uns aufgerufenen Seite, ggf. die Seite von der Sie uns erreicht haben (Linkquelle), die \u00fcbertragene Kennung des Browsers, sowie Systemdatum und \u2013zeit des Seitenaufrufes erfasst. Wir sind nicht in der Lage diese Daten mit einer Person zu verkn\u00fcpfen, sofern Sie nicht selbst in einem der angebotenen Formulare n\u00e4heres zu Ihrer Person angeben. Wir speichern diese Daten f\u00fcr maximal 90 Tage. Rechtsgrundlage f\u00fcr diese Datenverarbeitung ist unser berechtigtes Interesse.<\/p>\n<h2>3 Technische Steuerung &#8211; Cookies<\/h2>\n<p>Auf unserer Seite werden sogenannte \u201eCookies\u201c verwendet. Diese vereinfachen und beschleunigen die Steuerung Ihres Besuchs auf unserer Webseite bzw. sind notwendig, um Ihnen die Benutzung unserer Webseite zu erm\u00f6glichen. Sollten Sie die Verwendung von Cookies durch unsere Webseite auf Ihrem Computer nicht w\u00fcnschen, so k\u00f6nnen Sie in Ihrer Browsereinstellung die Cookies deaktivieren oder die Einstellungen so anpassen, dass Sie bei der Verwendung von Cookies auf einer Webseite dar\u00fcber informiert werden.<\/p>\n<h2>4 Weitere Auskunft \/ Kontakt<\/h2>\n<p>Sollten Sie weitere Fragen haben, bspw. zu Daten die wir zu Ihrer Person gespeichert haben, nehmen Sie gerne Kontakt mit uns auf.<\/p>\n<p>netea GmbH, Am Klagesmarkt 10\/11, 30159 Hannover, Deutschland ist Verantwortlicher im Sinne datenschutzrechtlicher Vorschriften. Kontaktanfragen k\u00f6nnen Sie an die im <a href=\"https:\/\/wp.netea.de\/de\/contact\">Impressum<\/a> angegebenen Adressen stellen.<\/p>\n","protected":false},"excerpt":{"rendered":"<p>Unsere Datenschutzerkl\u00e4rung 1 Allgemeines Wir freuen uns \u00fcber Ihren Besuch auf unserer Webseite und Ihr Interesse am netea. Der Schutz und die Sicherheit der Daten unserer Kunden und Nutzer sind uns wichtig. Wir haben deshalb unsere Webseite und unsere Gesch\u00e4ftsprozesse<\/p>\n","protected":false},"author":1,"featured_media":0,"parent":0,"menu_order":0,"comment_status":"closed","ping_status":"closed","template":"","meta":{"inline_featured_image":false,"footnotes":""},"class_list":["post-208","page","type-page","status-publish","hentry"],"translation":{"provider":"WPGlobus","version":"3.0.0","language":"de","enabled_languages":["en","de"],"languages":{"en":{"title":true,"content":true,"excerpt":false},"de":{"title":true,"content":true,"excerpt":false}}},"_links":{"self":[{"href":"https:\/\/wp.netea.de\/de\/wp-json\/wp\/v2\/pages\/208","targetHints":{"allow":["GET"]}}],"collection":[{"href":"https:\/\/wp.netea.de\/de\/wp-json\/wp\/v2\/pages"}],"about":[{"href":"https:\/\/wp.netea.de\/de\/wp-json\/wp\/v2\/types\/page"}],"author":[{"embeddable":true,"href":"https:\/\/wp.netea.de\/de\/wp-json\/wp\/v2\/users\/1"}],"replies":[{"embeddable":true,"href":"https:\/\/wp.netea.de\/de\/wp-json\/wp\/v2\/comments?post=208"}],"version-history":[{"count":6,"href":"https:\/\/wp.netea.de\/de\/wp-json\/wp\/v2\/pages\/208\/revisions"}],"predecessor-version":[{"id":228,"href":"https:\/\/wp.netea.de\/de\/wp-json\/wp\/v2\/pages\/208\/revisions\/228"}],"wp:attachment":[{"href":"https:\/\/wp.netea.de\/de\/wp-json\/wp\/v2\/media?parent=208"}],"curies":[{"name":"wp","href":"https:\/\/api.w.org\/{rel}","templated":true}]}}