{"id":24,"date":"2016-10-25T22:24:55","date_gmt":"2016-10-25T22:24:55","guid":{"rendered":"http:\/\/wp.netea.de\/?page_id=24"},"modified":"2018-06-07T10:36:25","modified_gmt":"2018-06-07T09:36:25","slug":"contact","status":"publish","type":"page","link":"https:\/\/wp.netea.de\/de\/contact","title":{"rendered":"Kontakt"},"content":{"rendered":"<p>Sie erreichen uns unter folgender Adresse:<\/p>\n<p><span class=\"neteachar\">netea<\/span> <span class=\"gmbhchar\">GmbH<\/span><br \/>\nAm Klagesmarkt 10\/11<br \/>\n30159 Hannover<br \/>\nGermany<\/p>\n<p>Telefon: +49 511 123560 00<br \/>\nTelefax: +49 511 123560 01<br \/>\nWeb: <a href=\"http:\/\/www.netea.de\/\" target=\"_top\">www.netea.de<\/a><br \/>\nE-Mail: <span id=\"cloakca56ecf4a7456c4ad47826a01336346b\"><a href=\"mailto:info@netea.de\">info@netea.de<\/a><\/span><\/p>\n<p>Gesch\u00e4ftsf\u00fchrer: Dipl.-Ing. Michael Fromme, Andreas Berge<br \/>\nHandelsregister: Amtsgericht Hannover, HRB 61749<br \/>\nUSt-Ident.-Nr.: DE235339892<br \/>\nInhaltlich verantwortlich: Andreas Berge<br \/>\nnetea ist ein eingetragenes Markenzeichen der <span class=\"neteachar\">netea<\/span> <span class=\"gmbhchar\">GmbH<\/span>, alle Rechte sind vorbehalten.<\/p>\n<h2>Rechtliches<\/h2>\n<h3>Copyright<\/h3>\n<p>Der gesamte Inhalt dieser Website unterliegt dem Urheberrecht und anderen Gesetzen zum Schutze geistigen Eigentums. Ohne schriftliche Genehmigung der <span class=\"neteachar\">netea<\/span> <span class=\"gmbhchar\">GmbH<\/span> darf kein Teil dieser Site f\u00fcr private oder gesch\u00e4ftliche Zwecke verwendet werden, weder in der urspr\u00fcnglichen noch in modifizierter Form.<\/p>\n<p>Alle in diesem Internetangebot verwendeten Handelsmarken und Markenzeichen sind Eigentum der jeweiligen Rechteinhaber.<\/p>\n<h3>Gew\u00e4hrleistungsausschluss<\/h3>\n<p>Die Inhalte dieses Internetangebots werden unter Ausschluss jeglicher Gew\u00e4hrleistung zur Verf\u00fcgung gestellt. Die <span class=\"neteachar\">netea<\/span> <span class=\"gmbhchar\">GmbH<\/span> \u00fcbernimmt keine Gew\u00e4hr f\u00fcr deren Richtigkeit oder Vollst\u00e4ndigkeit.<\/p>\n<h3>Datenschutz<\/h3>\n<p>Beim Besuch dieser Internetpr\u00e4senz werden die f\u00fcr Webserver \u00fcblichen Daten wie IP-Adresse, URL und ID-String des Browsers in einer Logdatei protokolliert. Diese Daten werden ausgewertet, um Statistiken \u00fcber Besucherzahlen, Benutzerverhalten w\u00e4hrend eines Besuchs und technische Ausstattung der Besucher zu erhalten, die der Verbesserung dieses Internetangebots dienen.<\/p>\n<p>Es werden keine \u00fcber diese anonyme Auswertung hinausgehenden Auswertungen vorgenommen. Insbesondere werden keine Nutzerprofile erstellt.<\/p>\n<h3>Haftungshinweis<\/h3>\n<p>Trotz sorgf\u00e4ltiger inhaltlicher Kontrolle \u00fcbernehmen wir keine Haftung f\u00fcr die Inhalte externer Links. F\u00fcr den Inhalt der verlinkten Seiten sind ausschlie\u00dflich deren Betreiber verantwortlich.<\/p>\n<h3>Warenzeichen<\/h3>\n<p>Die auf dieser Website genannten Waren-, Firmen- oder Handelsbezeichnungen sind m\u00f6glicherweise Warenzeichen oder eingetragene Warenzeichen der jeweiligen Eigent\u00fcmer und unterliegen als solche den gesetzlichen Bestimmungen.<\/p>\n<h3>Datenschutz<\/h3>\n<p>Im Rahmen des Zugriffs auf unsere Webseite werden die Zugriffsdaten automatisiert protokolliert. Ansonsten werden alle weiteren Daten durch Ihre Eingaben erhoben.<\/p>\n<p>Ihre Daten werden erhoben zur Bereitstellung unserer Produkte und Dienstleistungen sowie zur Optimierung und zum Schutz unserer Webseite. Mit Ihrer Einwilligung nutzen wir Ihre Eingaben, um auf Ihre Kontaktanfragen\/Nachrichten zu reagieren.<\/p>\n<p>Nur in besonderen Ausnahmen erfolgt eine Weitergabe Ihrer Daten an Dritte, z.B. zur strafrechtlichen Verfolgung bei Missbrauch oder Angriff auf unsere IT-Systeme.<\/p>\n<h4>Welche Rechte haben Sie:<\/h4>\n<ul>\n<li><b>Auskunft:<\/b><br \/>\nSie haben das normierte Recht auf Auskunft \u00fcber die zu Ihnen gespeicherten personenbezogenen Daten.<\/li>\n<li><b>L\u00f6schung:<\/b><br \/>\nSie haben das Recht darauf, dass wir Ihre Daten l\u00f6schen, wenn diese nicht mehr gespeichert werden d\u00fcrfen.<\/li>\n<li><b>Berichtigung:<\/b><br \/>\nSie haben ein Recht auf Korrektur Ihrer personenbezogenen Daten, sollten wir diese von Ihnen unrichtig gespeichert haben.<\/li>\n<li><b>Widerspruch:<\/b><br \/>\nSie haben das Recht auf Widerspruch und k\u00f6nnen uns hierzu kontaktieren.<\/li>\n<\/ul>\n<h4>Datenschutzerkl\u00e4rung<\/h4>\n<p>Unsere Datenschutzerkl\u00e4rung finden Sie <a href=\"https:\/\/wp.netea.de\/de\/data-privacy-statement\">hier<\/a>.<\/p>\n","protected":false},"excerpt":{"rendered":"<p>Sie erreichen uns unter folgender Adresse: netea GmbH Am Klagesmarkt 10\/11 30159 Hannover Germany Telefon: +49 511 123560 00 Telefax: +49 511 123560 01 Web: www.netea.de E-Mail: info@netea.de Gesch\u00e4ftsf\u00fchrer: Dipl.-Ing. Michael Fromme, Andreas Berge Handelsregister: Amtsgericht Hannover, HRB 61749 USt-Ident.-Nr.:<\/p>\n","protected":false},"author":1,"featured_media":0,"parent":0,"menu_order":0,"comment_status":"closed","ping_status":"closed","template":"page-templates\/contact.php","meta":{"inline_featured_image":false,"footnotes":""},"class_list":["post-24","page","type-page","status-publish","hentry"],"translation":{"provider":"WPGlobus","version":"3.0.0","language":"de","enabled_languages":["en","de"],"languages":{"en":{"title":true,"content":true,"excerpt":false},"de":{"title":true,"content":true,"excerpt":false}}},"_links":{"self":[{"href":"https:\/\/wp.netea.de\/de\/wp-json\/wp\/v2\/pages\/24","targetHints":{"allow":["GET"]}}],"collection":[{"href":"https:\/\/wp.netea.de\/de\/wp-json\/wp\/v2\/pages"}],"about":[{"href":"https:\/\/wp.netea.de\/de\/wp-json\/wp\/v2\/types\/page"}],"author":[{"embeddable":true,"href":"https:\/\/wp.netea.de\/de\/wp-json\/wp\/v2\/users\/1"}],"replies":[{"embeddable":true,"href":"https:\/\/wp.netea.de\/de\/wp-json\/wp\/v2\/comments?post=24"}],"version-history":[{"count":8,"href":"https:\/\/wp.netea.de\/de\/wp-json\/wp\/v2\/pages\/24\/revisions"}],"predecessor-version":[{"id":215,"href":"https:\/\/wp.netea.de\/de\/wp-json\/wp\/v2\/pages\/24\/revisions\/215"}],"wp:attachment":[{"href":"https:\/\/wp.netea.de\/de\/wp-json\/wp\/v2\/media?parent=24"}],"curies":[{"name":"wp","href":"https:\/\/api.w.org\/{rel}","templated":true}]}}