{"id":36,"date":"2016-10-26T00:26:42","date_gmt":"2016-10-26T00:26:42","guid":{"rendered":"http:\/\/wp.netea.de\/?page_id=36"},"modified":"2023-04-18T19:00:48","modified_gmt":"2023-04-18T18:00:48","slug":"solutions","status":"publish","type":"page","link":"https:\/\/wp.netea.de\/de\/solutions","title":{"rendered":"L\u00f6sungen"},"content":{"rendered":"<h2>Design and Implementierung von Enterprise Content Management Systemen<\/h2>\n<p>netea unterst\u00fctzt ihr Unternehmen beim der Planung und der Implementierung eines ECM systems. <a href=\"https:\/\/wp.netea.de\/de\/ecm-systems\">Mehr &#8230;<\/a><\/p>\n<h2>Entwicklung Ihrer spezifischen ECM L\u00f6sung<\/h2>\n<p>H\u00e4ufig k\u00f6nnen Standard-Implementierungen von ECM-Systemen die Prozesse und Verfahren Ihres Unternehmens nicht genau genug abbilden. netea unterst\u00fctzt Ihr Unternehmen bei der spezifischen Konfiguration und\/oder Erweiterung ihres ECM Systems um Gesch\u00e4ftsvorg\u00e4nge im ECM-System zu unterst\u00fctzen.<\/p>\n<h2>IT Architectur f\u00fcr ECM Systeme<\/h2>\n<p>ECM-Systeme sind gesch\u00e4ftskritische Bestandteile Ihrer Unternehmens-IT. netea hilft Ihrem Unternehmen beim Entwurf und der Implementierung der erforderlichen IT-Infrastruktur mit dem Ziel einer performanten, stabilen und hoch-verf\u00fcgbaren L\u00f6sung. <a href=\"https:\/\/wp.netea.de\/de\/it-architecture-for-ecm-systems\">Mehr &#8230;<\/a><\/p>\n<h2>Deployment und IT-Change Management<\/h2>\n<p>ECM-Systeme sind nicht statisch und ben\u00f6tigen zeitnahe Implementierung von Patches, Updates und Erweiterungen. Als unternehmenskritische Anwendung ben\u00f6tigt ein ECM-System hierzu eine gr\u00fcndliche Planung und ein stabiles, geplantes Vorgehen bei der Implementierung von System\u00e4nderungen. netea hat weitreichende Erfahrung aus verschiedenen gro\u00dfen ECM-Projekten und kann Ihrem Unternehmen helfen, den Change-Prozess zu entwicklen, zu steuern und \u00c4nderungen bei minimiertem Risiko zu implementieren.<\/p>\n<h2>Performance-,\u00a0 Last-Analyse und -Verbesserung<\/h2>\n<p>Nach einiger Zeit im Einsatz wird ihr ECM System mit Millionen Dokumenten gef\u00fcllt sein und vielleicht einer Performance-Verbesserung bed\u00fcrfen um die Anwender weiterhin zufrieden zu stellen. netea kann Ihrem Uternehmen helfen die Engp\u00e4sse zu identifizieren und zu beheben.<\/p>\n<h2>Sicherheit und Dokumenten-Schutz<\/h2>\n<p>Dokumente im Unternehmen k\u00f6nnen erheblichen Wert besitzen und m\u00fcssen daher gegen unerlaubten Zugriff, Manipulation oder L\u00f6schung gesch\u00fctzt werden. netea hilft Ihrem Unternehmen zu erkennen wie Ihr ECM-System Dokumente sch\u00fctzt und kann Sie bei der Verbesserung des Dokumentenschutzes unterst\u00fctzen. Ferner bietet netea add-on Produkte f\u00fcr ECM-Systeme an, welche die Datensicherheit verbessern helfen.<\/p>\n<h2>Anwendungs-Integration and spezifische L\u00f6sungen<\/h2>\n<p>netea hat die folgenden Add-Ons f\u00fcr Open Text Content Server entwickelt:<\/p>\n<ul>\n<li><a href=\"https:\/\/wp.netea.de\/solutions\/avs-for-ecm\">netea Anti-Virus Scanning for Content Server<\/a><\/li>\n<li>netea Document Properties for E-Mail<\/li>\n<\/ul>\n<p>Bei Interesse wenden Sie sich bitte an die im <a href=\"https:\/\/wp.netea.de\/de\/contact\">Kontakt<\/a> hinterlegten Adressen.<\/p>\n","protected":false},"excerpt":{"rendered":"<p>Design and Implementierung von Enterprise Content Management Systemen netea unterst\u00fctzt ihr Unternehmen beim der Planung und der Implementierung eines ECM systems. Mehr &#8230; Entwicklung Ihrer spezifischen ECM L\u00f6sung H\u00e4ufig k\u00f6nnen Standard-Implementierungen von ECM-Systemen die Prozesse und Verfahren Ihres Unternehmens nicht<\/p>\n","protected":false},"author":1,"featured_media":0,"parent":0,"menu_order":0,"comment_status":"closed","ping_status":"closed","template":"","meta":{"inline_featured_image":false,"footnotes":""},"class_list":["post-36","page","type-page","status-publish","hentry"],"translation":{"provider":"WPGlobus","version":"3.0.0","language":"de","enabled_languages":["en","de"],"languages":{"en":{"title":true,"content":true,"excerpt":false},"de":{"title":true,"content":true,"excerpt":false}}},"_links":{"self":[{"href":"https:\/\/wp.netea.de\/de\/wp-json\/wp\/v2\/pages\/36","targetHints":{"allow":["GET"]}}],"collection":[{"href":"https:\/\/wp.netea.de\/de\/wp-json\/wp\/v2\/pages"}],"about":[{"href":"https:\/\/wp.netea.de\/de\/wp-json\/wp\/v2\/types\/page"}],"author":[{"embeddable":true,"href":"https:\/\/wp.netea.de\/de\/wp-json\/wp\/v2\/users\/1"}],"replies":[{"embeddable":true,"href":"https:\/\/wp.netea.de\/de\/wp-json\/wp\/v2\/comments?post=36"}],"version-history":[{"count":12,"href":"https:\/\/wp.netea.de\/de\/wp-json\/wp\/v2\/pages\/36\/revisions"}],"predecessor-version":[{"id":418,"href":"https:\/\/wp.netea.de\/de\/wp-json\/wp\/v2\/pages\/36\/revisions\/418"}],"wp:attachment":[{"href":"https:\/\/wp.netea.de\/de\/wp-json\/wp\/v2\/media?parent=36"}],"curies":[{"name":"wp","href":"https:\/\/api.w.org\/{rel}","templated":true}]}}